{"id":452,"date":"2023-03-30T18:07:51","date_gmt":"2023-03-30T16:07:51","guid":{"rendered":"https:\/\/cabininlofoten.com\/?page_id=452"},"modified":"2023-03-30T18:13:33","modified_gmt":"2023-03-30T16:13:33","slug":"smart-tv","status":"publish","type":"page","link":"https:\/\/cabininlofoten.com\/en\/smart-tv\/","title":{"rendered":"Smart TV"},"content":{"rendered":"<div class=\"wp-block-group alignfull has-background is-layout-flow wp-block-group-is-layout-flow\" style=\"background-color:#f5f5f0;padding-top:100px;padding-right:0px;padding-bottom:100px;padding-left:0px\">\n<div class=\"wp-block-jetpack-layout-grid column1-desktop-grid__span-10 column1-desktop-grid__start-2 column1-desktop-grid__row-1 column1-tablet-grid__span-8 column1-tablet-grid__row-1 column1-mobile-grid__span-4 column1-mobile-grid__row-1 wp-block-jetpack-layout-gutter__nowrap\">\n<div class=\"wp-block-jetpack-layout-grid-column wp-block-jetpack-layout-grid__padding-none\">\n<figure class=\"wp-block-image alignwide size-full\"><img data-recalc-dims=\"1\" loading=\"lazy\" decoding=\"async\" width=\"900\" height=\"900\" data-attachment-id=\"453\" data-permalink=\"https:\/\/cabininlofoten.com\/en\/smart-tv\/1798420_8_900x900_t_g\/\" data-orig-file=\"https:\/\/i0.wp.com\/cabininlofoten.com\/wp-content\/uploads\/2023\/03\/1798420_8_900x900_t_g.webp?fit=900%2C900&amp;ssl=1\" data-orig-size=\"900,900\" data-comments-opened=\"1\" data-image-meta=\"{&quot;aperture&quot;:&quot;0&quot;,&quot;credit&quot;:&quot;&quot;,&quot;camera&quot;:&quot;&quot;,&quot;caption&quot;:&quot;&quot;,&quot;created_timestamp&quot;:&quot;0&quot;,&quot;copyright&quot;:&quot;&quot;,&quot;focal_length&quot;:&quot;0&quot;,&quot;iso&quot;:&quot;0&quot;,&quot;shutter_speed&quot;:&quot;0&quot;,&quot;title&quot;:&quot;&quot;,&quot;orientation&quot;:&quot;0&quot;}\" data-image-title=\"1798420_8_900x900_t_g\" data-image-description=\"\" data-image-caption=\"\" data-large-file=\"https:\/\/i0.wp.com\/cabininlofoten.com\/wp-content\/uploads\/2023\/03\/1798420_8_900x900_t_g.webp?fit=900%2C900&amp;ssl=1\" src=\"https:\/\/i0.wp.com\/cabininlofoten.com\/wp-content\/uploads\/2023\/03\/1798420_8_900x900_t_g.webp?resize=900%2C900&#038;ssl=1\" alt=\"\" class=\"wp-image-453\" srcset=\"https:\/\/i0.wp.com\/cabininlofoten.com\/wp-content\/uploads\/2023\/03\/1798420_8_900x900_t_g.webp?w=900&amp;ssl=1 900w, https:\/\/i0.wp.com\/cabininlofoten.com\/wp-content\/uploads\/2023\/03\/1798420_8_900x900_t_g.webp?resize=300%2C300&amp;ssl=1 300w, https:\/\/i0.wp.com\/cabininlofoten.com\/wp-content\/uploads\/2023\/03\/1798420_8_900x900_t_g.webp?resize=150%2C150&amp;ssl=1 150w, https:\/\/i0.wp.com\/cabininlofoten.com\/wp-content\/uploads\/2023\/03\/1798420_8_900x900_t_g.webp?resize=768%2C768&amp;ssl=1 768w, https:\/\/i0.wp.com\/cabininlofoten.com\/wp-content\/uploads\/2023\/03\/1798420_8_900x900_t_g.webp?resize=12%2C12&amp;ssl=1 12w, https:\/\/i0.wp.com\/cabininlofoten.com\/wp-content\/uploads\/2023\/03\/1798420_8_900x900_t_g.webp?resize=800%2C800&amp;ssl=1 800w, https:\/\/i0.wp.com\/cabininlofoten.com\/wp-content\/uploads\/2023\/03\/1798420_8_900x900_t_g.webp?resize=400%2C400&amp;ssl=1 400w, https:\/\/i0.wp.com\/cabininlofoten.com\/wp-content\/uploads\/2023\/03\/1798420_8_900x900_t_g.webp?resize=200%2C200&amp;ssl=1 200w\" sizes=\"auto, (max-width: 900px) 100vw, 900px\" \/><\/figure>\n<\/div>\n<\/div>\n\n\n\n<div class=\"wp-block-jetpack-layout-grid column1-desktop-grid__span-6 column1-desktop-grid__start-2 column1-desktop-grid__row-1 column2-desktop-grid__span-3 column2-desktop-grid__start-9 column2-desktop-grid__row-1 column1-tablet-grid__span-5 column1-tablet-grid__row-1 column2-tablet-grid__span-2 column2-tablet-grid__start-7 column2-tablet-grid__row-1 column1-mobile-grid__span-4 column1-mobile-grid__row-1 column2-mobile-grid__span-4 column2-mobile-grid__row-2 wp-block-jetpack-layout-gutter__nowrap\">\n<div class=\"wp-block-jetpack-layout-grid-column wp-block-jetpack-layout-grid__padding-none\">\n<p class=\"has-text-color wp-block-paragraph\" style=\"color:#575757;line-height:1\">Description:<\/p>\n\n\n\n<p class=\"wp-block-paragraph\" style=\"font-size:clamp(16.834px, 1.052rem + ((1vw - 3.2px) * 0.996), 26px);line-height:1.6\">Smart TV i loftstuen<\/p>\n\n\n\n<p class=\"has-text-align-left wp-block-paragraph\" style=\"line-height:1.8\">In the loft living room, a smart TV is available and can be used in several ways.<\/p>\n\n\n\n<p class=\"has-text-align-left wp-block-paragraph\" style=\"line-height:1.8\">When the TV is switched on, there will be several apps that can be used directly. Some of these can be used without logging in, eg NRK, while others require you to have your own subscription, eg Netflix.<\/p>\n\n\n\n<p class=\"has-text-align-left wp-block-paragraph\" style=\"line-height:1.8\">Det finnes ogs\u00e5 en HDMI kabel som kan kobles til pc\/mac eller en annen enhet med denne type inngang.<\/p>\n\n\n\n<p class=\"has-text-align-left wp-block-paragraph\" style=\"line-height:1.8\">If you are connected to the WIFI network in the cabin, you can also stream to chromecast which is connected to the TV. By using this, you can stream all activity on, for example, your smart phone.<\/p>\n<\/div>\n\n\n\n<div class=\"wp-block-jetpack-layout-grid-column wp-block-jetpack-layout-grid__padding-none\">\n<p class=\"has-text-color wp-block-paragraph\" style=\"color:#575757;line-height:1\">Brand: Samsung<\/p>\n\n\n\n<p class=\"wp-block-paragraph\" style=\"line-height:1.1\">Producer: Samsung<\/p>\n\n\n\n<p class=\"has-text-color wp-block-paragraph\" style=\"color:#575757;line-height:1\">Installed: 2022<\/p>\n\n\n\n<p class=\"wp-block-paragraph\" style=\"line-height:1.1\"><\/p>\n\n\n\n<div style=\"height:3px\" aria-hidden=\"true\" class=\"wp-block-spacer\"><\/div>\n<\/div>\n<\/div>\n<\/div>","protected":false},"excerpt":{"rendered":"<p>Beskrivelse: Smart TV i loftstuen I loftstuen er det tilgjengelig en smart TV som kan benyttes p\u00e5 flere m\u00e5ter. N\u00e5r TV en sl\u00e5s p\u00e5 vil det v\u00e6re flere apper som kan benyttes direkte. Noen av disse kan benyttes uten p\u00e5logging f.eks NRK mens andre krever at du har eget abonnement, f.eks Netflix. Det finnes ogs\u00e5 [&hellip;]<\/p>\n","protected":false},"author":27099574,"featured_media":0,"parent":0,"menu_order":0,"comment_status":"closed","ping_status":"closed","template":"","meta":{"_crdt_document":"","footnotes":""},"class_list":["post-452","page","type-page","status-publish","hentry"],"jetpack_likes_enabled":true,"jetpack_sharing_enabled":true,"jetpack_shortlink":"https:\/\/wp.me\/Pe8m9x-7i","jetpack-related-posts":[],"_links":{"self":[{"href":"https:\/\/cabininlofoten.com\/en\/wp-json\/wp\/v2\/pages\/452","targetHints":{"allow":["GET"]}}],"collection":[{"href":"https:\/\/cabininlofoten.com\/en\/wp-json\/wp\/v2\/pages"}],"about":[{"href":"https:\/\/cabininlofoten.com\/en\/wp-json\/wp\/v2\/types\/page"}],"author":[{"embeddable":true,"href":"https:\/\/cabininlofoten.com\/en\/wp-json\/wp\/v2\/users\/27099574"}],"replies":[{"embeddable":true,"href":"https:\/\/cabininlofoten.com\/en\/wp-json\/wp\/v2\/comments?post=452"}],"version-history":[{"count":4,"href":"https:\/\/cabininlofoten.com\/en\/wp-json\/wp\/v2\/pages\/452\/revisions"}],"predecessor-version":[{"id":458,"href":"https:\/\/cabininlofoten.com\/en\/wp-json\/wp\/v2\/pages\/452\/revisions\/458"}],"wp:attachment":[{"href":"https:\/\/cabininlofoten.com\/en\/wp-json\/wp\/v2\/media?parent=452"}],"curies":[{"name":"wp","href":"https:\/\/api.w.org\/{rel}","templated":true}]}}