{"id":443,"date":"2023-03-29T20:34:58","date_gmt":"2023-03-29T18:34:58","guid":{"rendered":"https:\/\/cabininlofoten.com\/?page_id=443"},"modified":"2023-03-30T17:55:40","modified_gmt":"2023-03-30T15:55:40","slug":"varmestyring","status":"publish","type":"page","link":"https:\/\/cabininlofoten.com\/en\/varmestyring\/","title":{"rendered":"Heat regulation in the cabin"},"content":{"rendered":"<div class=\"wp-block-group alignfull has-background is-layout-flow wp-block-group-is-layout-flow\" style=\"background-color:#f5f5f0;padding-top:100px;padding-right:0px;padding-bottom:100px;padding-left:0px\">\n<div class=\"wp-block-jetpack-layout-grid column1-desktop-grid__span-10 column1-desktop-grid__start-2 column1-desktop-grid__row-1 column1-tablet-grid__span-8 column1-tablet-grid__row-1 column1-mobile-grid__span-4 column1-mobile-grid__row-1 wp-block-jetpack-layout-gutter__nowrap\">\n<div class=\"wp-block-jetpack-layout-grid-column wp-block-jetpack-layout-grid__padding-none\">\n<figure class=\"wp-block-image alignwide size-medium\"><img data-recalc-dims=\"1\" loading=\"lazy\" decoding=\"async\" width=\"300\" height=\"292\" data-attachment-id=\"444\" data-permalink=\"https:\/\/cabininlofoten.com\/en\/varmestyring\/img_6348\/\" data-orig-file=\"https:\/\/i0.wp.com\/cabininlofoten.com\/wp-content\/uploads\/2023\/03\/IMG_6348.jpeg?fit=957%2C933&amp;ssl=1\" data-orig-size=\"957,933\" data-comments-opened=\"1\" data-image-meta=\"{&quot;aperture&quot;:&quot;1.6&quot;,&quot;credit&quot;:&quot;&quot;,&quot;camera&quot;:&quot;iPhone 12&quot;,&quot;caption&quot;:&quot;&quot;,&quot;created_timestamp&quot;:&quot;1679677123&quot;,&quot;copyright&quot;:&quot;&quot;,&quot;focal_length&quot;:&quot;4.2&quot;,&quot;iso&quot;:&quot;160&quot;,&quot;shutter_speed&quot;:&quot;0.016666666666667&quot;,&quot;title&quot;:&quot;&quot;,&quot;orientation&quot;:&quot;1&quot;}\" data-image-title=\"IMG_6348\" data-image-description=\"\" data-image-caption=\"\" data-large-file=\"https:\/\/i0.wp.com\/cabininlofoten.com\/wp-content\/uploads\/2023\/03\/IMG_6348.jpeg?fit=957%2C933&amp;ssl=1\" src=\"https:\/\/i0.wp.com\/cabininlofoten.com\/wp-content\/uploads\/2023\/03\/IMG_6348.jpeg?resize=300%2C292&#038;ssl=1\" alt=\"\" class=\"wp-image-444\" srcset=\"https:\/\/i0.wp.com\/cabininlofoten.com\/wp-content\/uploads\/2023\/03\/IMG_6348.jpeg?resize=300%2C292&amp;ssl=1 300w, https:\/\/i0.wp.com\/cabininlofoten.com\/wp-content\/uploads\/2023\/03\/IMG_6348.jpeg?resize=768%2C749&amp;ssl=1 768w, https:\/\/i0.wp.com\/cabininlofoten.com\/wp-content\/uploads\/2023\/03\/IMG_6348.jpeg?resize=12%2C12&amp;ssl=1 12w, https:\/\/i0.wp.com\/cabininlofoten.com\/wp-content\/uploads\/2023\/03\/IMG_6348.jpeg?w=957&amp;ssl=1 957w\" sizes=\"auto, (max-width: 300px) 100vw, 300px\" \/><\/figure>\n<\/div>\n<\/div>\n\n\n\n<div class=\"wp-block-jetpack-layout-grid column1-desktop-grid__span-6 column1-desktop-grid__start-2 column1-desktop-grid__row-1 column2-desktop-grid__span-3 column2-desktop-grid__start-9 column2-desktop-grid__row-1 column1-tablet-grid__span-5 column1-tablet-grid__row-1 column2-tablet-grid__span-2 column2-tablet-grid__start-7 column2-tablet-grid__row-1 column1-mobile-grid__span-4 column1-mobile-grid__row-1 column2-mobile-grid__span-4 column2-mobile-grid__row-2 wp-block-jetpack-layout-gutter__nowrap\">\n<div class=\"wp-block-jetpack-layout-grid-column wp-block-jetpack-layout-grid__padding-none\">\n<p class=\"has-text-color wp-block-paragraph\" style=\"color:#575757;line-height:1\">Description:<\/p>\n\n\n\n<p class=\"wp-block-paragraph\" style=\"font-size:clamp(16.834px, 1.052rem + ((1vw - 3.2px) * 0.996), 26px);line-height:1.6\">Heating regulation \u2013 living room, bathroom and hallway<\/p>\n\n\n\n<p class=\"has-text-align-left wp-block-paragraph\" style=\"line-height:1.8\">Similar thermostats are located in the living room, hallway and bathroom on the first floor, which can be controlled manually if necessary.<\/p>\n\n\n\n<p class=\"wp-block-paragraph\">The display shows the current temperature in the room. By pressing the left or right lower edge of the thermostat, the light on the thermostat will be switched on and you will see the following options.<\/p>\n\n\n\n<p class=\"has-text-align-center wp-block-paragraph\"><img data-recalc-dims=\"1\" loading=\"lazy\" decoding=\"async\" width=\"150\" height=\"148\" data-attachment-id=\"446\" data-permalink=\"https:\/\/cabininlofoten.com\/en\/varmestyring\/img_6349\/\" data-orig-file=\"https:\/\/i0.wp.com\/cabininlofoten.com\/wp-content\/uploads\/2023\/03\/IMG_6349.jpeg?fit=964%2C951&amp;ssl=1\" data-orig-size=\"964,951\" data-comments-opened=\"1\" data-image-meta=\"{&quot;aperture&quot;:&quot;1.6&quot;,&quot;credit&quot;:&quot;&quot;,&quot;camera&quot;:&quot;iPhone 12&quot;,&quot;caption&quot;:&quot;&quot;,&quot;created_timestamp&quot;:&quot;1679677129&quot;,&quot;copyright&quot;:&quot;&quot;,&quot;focal_length&quot;:&quot;4.2&quot;,&quot;iso&quot;:&quot;160&quot;,&quot;shutter_speed&quot;:&quot;0.016666666666667&quot;,&quot;title&quot;:&quot;&quot;,&quot;orientation&quot;:&quot;1&quot;}\" data-image-title=\"IMG_6349\" data-image-description=\"\" data-image-caption=\"\" data-large-file=\"https:\/\/i0.wp.com\/cabininlofoten.com\/wp-content\/uploads\/2023\/03\/IMG_6349.jpeg?fit=964%2C951&amp;ssl=1\" class=\"wp-image-446\" style=\"width: 150px;\" src=\"https:\/\/i0.wp.com\/cabininlofoten.com\/wp-content\/uploads\/2023\/03\/IMG_6349.jpeg?resize=150%2C148&#038;ssl=1\" alt=\"\" srcset=\"https:\/\/i0.wp.com\/cabininlofoten.com\/wp-content\/uploads\/2023\/03\/IMG_6349.jpeg?w=964&amp;ssl=1 964w, https:\/\/i0.wp.com\/cabininlofoten.com\/wp-content\/uploads\/2023\/03\/IMG_6349.jpeg?resize=300%2C296&amp;ssl=1 300w, https:\/\/i0.wp.com\/cabininlofoten.com\/wp-content\/uploads\/2023\/03\/IMG_6349.jpeg?resize=768%2C758&amp;ssl=1 768w, https:\/\/i0.wp.com\/cabininlofoten.com\/wp-content\/uploads\/2023\/03\/IMG_6349.jpeg?resize=12%2C12&amp;ssl=1 12w\" sizes=\"auto, (max-width: 150px) 100vw, 150px\" \/><\/p>\n\n\n\n<p class=\"wp-block-paragraph\">Trykk p\u00e5 symbolet i nedre venstre hj\u00f8rne for \u00e5 \u00f8ke temperaturen og i nedre h\u00f8yre hj\u00f8rne for \u00e5 redusere temperaturen i gulvet.<\/p>\n\n\n\n<p class=\"wp-block-paragraph\">Det er st\u00f8pt gulv i hytten og det vil derfor ta litt tid f\u00f8r varmen er p\u00e5 \u00f8nsket niv\u00e5. Ved gode solforhold vil temperaturen, spesielt i stuen, kunne stige uten at varmen i gulvet \u00f8kes og det vil derfor ikke hjelpe \u00e5 redusere temperaturen i gulvet. En utlufting vil kunne hjelpe.<\/p>\n\n\n\n<p class=\"wp-block-paragraph\">Dersom det \u00f8nskes mer oppvarming finnes det en flyttbar varmeovn plassert i loftstuen. Denne kan plasseres hvor det \u00f8nskes mer varme men p\u00e5se at den ikke plassert i n\u00e6rheten av brennbart materiale.<\/p>\n<\/div>\n\n\n\n<div class=\"wp-block-jetpack-layout-grid-column wp-block-jetpack-layout-grid__padding-none\">\n<p class=\"has-text-color wp-block-paragraph\" style=\"color:#575757;line-height:1\">Model: HeatIT Wifi<\/p>\n\n\n\n<p class=\"wp-block-paragraph\" style=\"line-height:1.1\">Producer: HeatIT<\/p>\n\n\n\n<p class=\"has-text-color wp-block-paragraph\" style=\"color:#575757;line-height:1\">Installed: 2022<\/p>\n\n\n\n<p class=\"wp-block-paragraph\" style=\"line-height:1.1\"><\/p>\n\n\n\n<div style=\"height:3px\" aria-hidden=\"true\" class=\"wp-block-spacer\"><\/div>\n<\/div>\n<\/div>\n<\/div>","protected":false},"excerpt":{"rendered":"<p>Beskrivelse: Varmestyring &#8211; stue, bad og gang I stuen, gangen og p\u00e5 badet i f\u00f8rste etage er det plassert like termostater som ved behov kan styres manuelt. Ved \u00e5 trykke p\u00e5 venstre eller h\u00f8yre nedre kant av termostaten, vil lyset p\u00e5 termostaten sl\u00e5s p\u00e5 og du ser f\u00f8lgende valg. Trykk p\u00e5 symbolet i nedre venstre [&hellip;]<\/p>\n","protected":false},"author":27099574,"featured_media":0,"parent":0,"menu_order":0,"comment_status":"closed","ping_status":"closed","template":"","meta":{"_crdt_document":"","footnotes":""},"class_list":["post-443","page","type-page","status-publish","hentry"],"jetpack_likes_enabled":true,"jetpack_sharing_enabled":true,"jetpack_shortlink":"https:\/\/wp.me\/Pe8m9x-79","jetpack-related-posts":[],"_links":{"self":[{"href":"https:\/\/cabininlofoten.com\/en\/wp-json\/wp\/v2\/pages\/443","targetHints":{"allow":["GET"]}}],"collection":[{"href":"https:\/\/cabininlofoten.com\/en\/wp-json\/wp\/v2\/pages"}],"about":[{"href":"https:\/\/cabininlofoten.com\/en\/wp-json\/wp\/v2\/types\/page"}],"author":[{"embeddable":true,"href":"https:\/\/cabininlofoten.com\/en\/wp-json\/wp\/v2\/users\/27099574"}],"replies":[{"embeddable":true,"href":"https:\/\/cabininlofoten.com\/en\/wp-json\/wp\/v2\/comments?post=443"}],"version-history":[{"count":3,"href":"https:\/\/cabininlofoten.com\/en\/wp-json\/wp\/v2\/pages\/443\/revisions"}],"predecessor-version":[{"id":449,"href":"https:\/\/cabininlofoten.com\/en\/wp-json\/wp\/v2\/pages\/443\/revisions\/449"}],"wp:attachment":[{"href":"https:\/\/cabininlofoten.com\/en\/wp-json\/wp\/v2\/media?parent=443"}],"curies":[{"name":"wp","href":"https:\/\/api.w.org\/{rel}","templated":true}]}}