{"id":431,"date":"2023-03-29T19:45:05","date_gmt":"2023-03-29T17:45:05","guid":{"rendered":"https:\/\/cabininlofoten.com\/?page_id=431"},"modified":"2023-03-29T20:15:53","modified_gmt":"2023-03-29T18:15:53","slug":"peisovn","status":"publish","type":"page","link":"https:\/\/cabininlofoten.com\/en\/peisovn\/","title":{"rendered":"Wood stove"},"content":{"rendered":"<div class=\"wp-block-group alignfull has-background is-layout-flow wp-block-group-is-layout-flow\" style=\"background-color:#f5f5f0;padding-top:100px;padding-right:0px;padding-bottom:100px;padding-left:0px\">\n<div class=\"wp-block-jetpack-layout-grid column1-desktop-grid__span-10 column1-desktop-grid__start-2 column1-desktop-grid__row-1 column1-tablet-grid__span-8 column1-tablet-grid__row-1 column1-mobile-grid__span-4 column1-mobile-grid__row-1 wp-block-jetpack-layout-gutter__nowrap\">\n<div class=\"wp-block-jetpack-layout-grid-column wp-block-jetpack-layout-grid__padding-none\">\n<figure class=\"wp-block-image alignwide size-large\"><img data-recalc-dims=\"1\" loading=\"lazy\" decoding=\"async\" width=\"602\" height=\"1024\" data-attachment-id=\"436\" data-permalink=\"https:\/\/cabininlofoten.com\/en\/peisovn\/f-481-prod-1\/\" data-orig-file=\"https:\/\/i0.wp.com\/cabininlofoten.com\/wp-content\/uploads\/2023\/03\/F-481-prod-1.png?fit=1000%2C1700&amp;ssl=1\" data-orig-size=\"1000,1700\" data-comments-opened=\"1\" data-image-meta=\"{&quot;aperture&quot;:&quot;0&quot;,&quot;credit&quot;:&quot;&quot;,&quot;camera&quot;:&quot;&quot;,&quot;caption&quot;:&quot;&quot;,&quot;created_timestamp&quot;:&quot;0&quot;,&quot;copyright&quot;:&quot;&quot;,&quot;focal_length&quot;:&quot;0&quot;,&quot;iso&quot;:&quot;0&quot;,&quot;shutter_speed&quot;:&quot;0&quot;,&quot;title&quot;:&quot;&quot;,&quot;orientation&quot;:&quot;0&quot;}\" data-image-title=\"F-481-prod-1\" data-image-description=\"\" data-image-caption=\"\" data-large-file=\"https:\/\/i0.wp.com\/cabininlofoten.com\/wp-content\/uploads\/2023\/03\/F-481-prod-1.png?fit=602%2C1024&amp;ssl=1\" src=\"https:\/\/i0.wp.com\/cabininlofoten.com\/wp-content\/uploads\/2023\/03\/F-481-prod-1.png?resize=602%2C1024&#038;ssl=1\" alt=\"\" class=\"wp-image-436\" srcset=\"https:\/\/i0.wp.com\/cabininlofoten.com\/wp-content\/uploads\/2023\/03\/F-481-prod-1.png?resize=602%2C1024&amp;ssl=1 602w, https:\/\/i0.wp.com\/cabininlofoten.com\/wp-content\/uploads\/2023\/03\/F-481-prod-1.png?resize=176%2C300&amp;ssl=1 176w, https:\/\/i0.wp.com\/cabininlofoten.com\/wp-content\/uploads\/2023\/03\/F-481-prod-1.png?resize=768%2C1306&amp;ssl=1 768w, https:\/\/i0.wp.com\/cabininlofoten.com\/wp-content\/uploads\/2023\/03\/F-481-prod-1.png?resize=904%2C1536&amp;ssl=1 904w, https:\/\/i0.wp.com\/cabininlofoten.com\/wp-content\/uploads\/2023\/03\/F-481-prod-1.png?resize=7%2C12&amp;ssl=1 7w, https:\/\/i0.wp.com\/cabininlofoten.com\/wp-content\/uploads\/2023\/03\/F-481-prod-1.png?w=1000&amp;ssl=1 1000w\" sizes=\"auto, (max-width: 602px) 100vw, 602px\" \/><\/figure>\n<\/div>\n<\/div>\n\n\n\n<div class=\"wp-block-jetpack-layout-grid column1-desktop-grid__span-6 column1-desktop-grid__start-2 column1-desktop-grid__row-1 column2-desktop-grid__span-3 column2-desktop-grid__start-9 column2-desktop-grid__row-1 column1-tablet-grid__span-5 column1-tablet-grid__row-1 column2-tablet-grid__span-2 column2-tablet-grid__start-7 column2-tablet-grid__row-1 column1-mobile-grid__span-4 column1-mobile-grid__row-1 column2-mobile-grid__span-4 column2-mobile-grid__row-2 wp-block-jetpack-layout-gutter__nowrap\">\n<div class=\"wp-block-jetpack-layout-grid-column wp-block-jetpack-layout-grid__padding-none\">\n<p class=\"has-text-color wp-block-paragraph\" style=\"color:#575757;line-height:1\">Description:<\/p>\n\n\n\n<p class=\"wp-block-paragraph\" style=\"font-size:clamp(16.834px, 1.052rem + ((1vw - 3.2px) * 0.996), 26px);line-height:1.6\">Wood stove<\/p>\n\n\n\n<p class=\"has-text-align-center wp-block-paragraph\" style=\"line-height:1.8\"><img data-recalc-dims=\"1\" loading=\"lazy\" decoding=\"async\" width=\"150\" height=\"279\" data-attachment-id=\"438\" data-permalink=\"https:\/\/cabininlofoten.com\/en\/peisovn\/screenshot-2023-03-29-at-19-53-35\/\" data-orig-file=\"https:\/\/i0.wp.com\/cabininlofoten.com\/wp-content\/uploads\/2023\/03\/Screenshot-2023-03-29-at-19.53.35.png?fit=582%2C1084&amp;ssl=1\" data-orig-size=\"582,1084\" data-comments-opened=\"1\" data-image-meta=\"{&quot;aperture&quot;:&quot;0&quot;,&quot;credit&quot;:&quot;&quot;,&quot;camera&quot;:&quot;&quot;,&quot;caption&quot;:&quot;&quot;,&quot;created_timestamp&quot;:&quot;0&quot;,&quot;copyright&quot;:&quot;&quot;,&quot;focal_length&quot;:&quot;0&quot;,&quot;iso&quot;:&quot;0&quot;,&quot;shutter_speed&quot;:&quot;0&quot;,&quot;title&quot;:&quot;&quot;,&quot;orientation&quot;:&quot;0&quot;}\" data-image-title=\"Screenshot 2023-03-29 at 19.53.35\" data-image-description=\"\" data-image-caption=\"\" data-large-file=\"https:\/\/i0.wp.com\/cabininlofoten.com\/wp-content\/uploads\/2023\/03\/Screenshot-2023-03-29-at-19.53.35.png?fit=550%2C1024&amp;ssl=1\" class=\"wp-image-438\" style=\"width: 150px;\" src=\"https:\/\/i0.wp.com\/cabininlofoten.com\/wp-content\/uploads\/2023\/03\/Screenshot-2023-03-29-at-19.53.35.png?resize=150%2C279&#038;ssl=1\" alt=\"\" srcset=\"https:\/\/i0.wp.com\/cabininlofoten.com\/wp-content\/uploads\/2023\/03\/Screenshot-2023-03-29-at-19.53.35.png?w=582&amp;ssl=1 582w, https:\/\/i0.wp.com\/cabininlofoten.com\/wp-content\/uploads\/2023\/03\/Screenshot-2023-03-29-at-19.53.35.png?resize=161%2C300&amp;ssl=1 161w, https:\/\/i0.wp.com\/cabininlofoten.com\/wp-content\/uploads\/2023\/03\/Screenshot-2023-03-29-at-19.53.35.png?resize=550%2C1024&amp;ssl=1 550w, https:\/\/i0.wp.com\/cabininlofoten.com\/wp-content\/uploads\/2023\/03\/Screenshot-2023-03-29-at-19.53.35.png?resize=6%2C12&amp;ssl=1 6w\" sizes=\"auto, (max-width: 150px) 100vw, 150px\" \/><\/p>\n\n\n\n<p class=\"has-text-align-left wp-block-paragraph\" style=\"line-height:1.8\">Before lighting, it is important to ensure that handle A and handle B are fully extended. When this is done, handle C can be pushed to the right and the door opened. Handle C must be able to be moved without using force. If it is difficult to open the door, the handle can be very carefully lifted slightly upwards, while it is pushed to the right.<\/p>\n\n\n\n<p class=\"wp-block-paragraph\">When the door is open the wood can be stacked in the following way.<\/p>\n\n\n\n<p class=\"has-text-align-center wp-block-paragraph\">.<img data-recalc-dims=\"1\" loading=\"lazy\" decoding=\"async\" width=\"150\" height=\"109\" data-attachment-id=\"439\" data-permalink=\"https:\/\/cabininlofoten.com\/en\/peisovn\/screenshot-2023-03-29-at-20-02-15\/\" data-orig-file=\"https:\/\/i0.wp.com\/cabininlofoten.com\/wp-content\/uploads\/2023\/03\/Screenshot-2023-03-29-at-20.02.15.png?fit=582%2C424&amp;ssl=1\" data-orig-size=\"582,424\" data-comments-opened=\"1\" data-image-meta=\"{&quot;aperture&quot;:&quot;0&quot;,&quot;credit&quot;:&quot;&quot;,&quot;camera&quot;:&quot;&quot;,&quot;caption&quot;:&quot;&quot;,&quot;created_timestamp&quot;:&quot;0&quot;,&quot;copyright&quot;:&quot;&quot;,&quot;focal_length&quot;:&quot;0&quot;,&quot;iso&quot;:&quot;0&quot;,&quot;shutter_speed&quot;:&quot;0&quot;,&quot;title&quot;:&quot;&quot;,&quot;orientation&quot;:&quot;0&quot;}\" data-image-title=\"Screenshot 2023-03-29 at 20.02.15\" data-image-description=\"\" data-image-caption=\"\" data-large-file=\"https:\/\/i0.wp.com\/cabininlofoten.com\/wp-content\/uploads\/2023\/03\/Screenshot-2023-03-29-at-20.02.15.png?fit=582%2C424&amp;ssl=1\" class=\"wp-image-439\" style=\"width: 150px;\" src=\"https:\/\/i0.wp.com\/cabininlofoten.com\/wp-content\/uploads\/2023\/03\/Screenshot-2023-03-29-at-20.02.15.png?resize=150%2C109&#038;ssl=1\" alt=\"\" srcset=\"https:\/\/i0.wp.com\/cabininlofoten.com\/wp-content\/uploads\/2023\/03\/Screenshot-2023-03-29-at-20.02.15.png?w=582&amp;ssl=1 582w, https:\/\/i0.wp.com\/cabininlofoten.com\/wp-content\/uploads\/2023\/03\/Screenshot-2023-03-29-at-20.02.15.png?resize=300%2C219&amp;ssl=1 300w, https:\/\/i0.wp.com\/cabininlofoten.com\/wp-content\/uploads\/2023\/03\/Screenshot-2023-03-29-at-20.02.15.png?resize=16%2C12&amp;ssl=1 16w\" sizes=\"auto, (max-width: 150px) 100vw, 150px\" \/><\/p>\n\n\n\n<p class=\"wp-block-paragraph\">Place two blocks in the bottom of the oven and then a few pieces of kindling wood. A half-sized block is placed on top. Then 4 kindling briquettes are placed under the top layer of kindling wood and all are lit.<br>Now use handle C to close the door completely again, so that the door is completely closed. <\/p>\n\n\n\n<p class=\"wp-block-paragraph\">After the wood has caught fire properly (rather wait a little too long), handle B should be pressed in. Handle A can also eventually be pressed in somewhat, but must never be pressed in completely. Do not put too many logs into the oven at the same time, but rather fire evenly and with one new log at a time.<\/p>\n<\/div>\n\n\n\n<div class=\"wp-block-jetpack-layout-grid-column wp-block-jetpack-layout-grid__padding-none\">\n<p class=\"has-text-color wp-block-paragraph\" style=\"color:#575757;line-height:1\">Model: F481 BP<\/p>\n\n\n\n<p class=\"wp-block-paragraph\" style=\"line-height:1.1\">Producer: J\u00f8tul<\/p>\n\n\n\n<p class=\"has-text-color wp-block-paragraph\" style=\"color:#575757;line-height:1\">Installed: 2022<\/p>\n\n\n\n<p class=\"wp-block-paragraph\" style=\"line-height:1.1\"><\/p>\n\n\n\n<div style=\"height:3px\" aria-hidden=\"true\" class=\"wp-block-spacer\"><\/div>\n<\/div>\n<\/div>\n<\/div>","protected":false},"excerpt":{"rendered":"<p>Beskrivelse: Peisovn F\u00f8r opptenning er det viktig at det p\u00e5sees at h\u00e5ndtak A og h\u00e5ndtak B er trukket helt ut. N\u00e5r dette er gjort kan h\u00e5ndtak C skyves mot h\u00f8yre og d\u00f8ren \u00e5pnes. H\u00e5ndtak C skal kunne beveges uten \u00e5 bruke makt. Er det vanskelig \u00e5 f\u00e5 \u00e5pnet d\u00f8ren kan h\u00e5ndtaket l\u00f8ftes veldig forsiktig litt [&hellip;]<\/p>\n","protected":false},"author":27099574,"featured_media":0,"parent":0,"menu_order":0,"comment_status":"closed","ping_status":"closed","template":"","meta":{"_crdt_document":"","footnotes":""},"class_list":["post-431","page","type-page","status-publish","hentry"],"jetpack_likes_enabled":true,"jetpack_sharing_enabled":true,"jetpack_shortlink":"https:\/\/wp.me\/Pe8m9x-6X","jetpack-related-posts":[],"_links":{"self":[{"href":"https:\/\/cabininlofoten.com\/en\/wp-json\/wp\/v2\/pages\/431","targetHints":{"allow":["GET"]}}],"collection":[{"href":"https:\/\/cabininlofoten.com\/en\/wp-json\/wp\/v2\/pages"}],"about":[{"href":"https:\/\/cabininlofoten.com\/en\/wp-json\/wp\/v2\/types\/page"}],"author":[{"embeddable":true,"href":"https:\/\/cabininlofoten.com\/en\/wp-json\/wp\/v2\/users\/27099574"}],"replies":[{"embeddable":true,"href":"https:\/\/cabininlofoten.com\/en\/wp-json\/wp\/v2\/comments?post=431"}],"version-history":[{"count":6,"href":"https:\/\/cabininlofoten.com\/en\/wp-json\/wp\/v2\/pages\/431\/revisions"}],"predecessor-version":[{"id":442,"href":"https:\/\/cabininlofoten.com\/en\/wp-json\/wp\/v2\/pages\/431\/revisions\/442"}],"wp:attachment":[{"href":"https:\/\/cabininlofoten.com\/en\/wp-json\/wp\/v2\/media?parent=431"}],"curies":[{"name":"wp","href":"https:\/\/api.w.org\/{rel}","templated":true}]}}